{"id":3927,"date":"2021-04-20T22:09:22","date_gmt":"2021-04-20T20:09:22","guid":{"rendered":"https:\/\/www.strofeld.com\/?page_id=3927"},"modified":"2021-04-21T16:12:53","modified_gmt":"2021-04-21T14:12:53","slug":"widerrufsrecht-widerrufsformular","status":"publish","type":"page","link":"https:\/\/www.strofeld.com\/en\/widerrufsrecht-widerrufsformular\/","title":{"rendered":"Right of cancellation &amp; cancellation form"},"content":{"rendered":"<h2 class=\"wp-block-heading\">Widerrufsrecht<\/h2>\n\n\n\n<p><br>(<a href=\"https:\/\/www.strofeld.com\/en\/assets\/downloads\/Widerrufsrecht.pdf\/\"><u>Als PDF downloaden<\/u><\/a>)<\/p>\n\n\n\n<p>Belehrung \u00fcber das Widerrufsrecht f\u00fcr Verbraucher<\/p>\n\n\n\n<p><br><strong>Widerrufsbelehrung<\/strong><br>Verbraucher ist jede nat\u00fcrliche Person, die ein Rechtsgesch\u00e4ft zu Zwecken abschlie\u00dft, die \u00fcberwiegend weder ihrer gewerblichen noch ihrer selbst\u00e4ndigen beruflichen T\u00e4tigkeit zugerechnet werden k\u00f6nnen.<\/p>\n\n\n\n<p><br><strong>Widerrufsrecht<\/strong><br>Sie haben das Recht, binnen vierzehn Tagen ohne Angabe von Gr\u00fcnden diesen Vertrag zu widerrufen. Die Widerrufsfrist betr\u00e4gt vierzehn Tage ab dem Tag, an dem Sie oder ein von Ihnen benannter Dritter, der nicht der Bef\u00f6rderer ist, die Waren in Besitz genommen haben bzw. hat. Um Ihr Widerrufsrecht auszu\u00fcben, m\u00fcssen Sie uns STROFELD Manufaktur, Inhaber Strobl Dominik, Dreiheiligenstra\u00dfe 21a, A-6020 Innsbruck, Telefon +43 (0) 677 621 494 69, <a href=\"mailto:info@strofeld.com\">info@strofeld.com<\/a> mittels einer eindeutigen Erkl\u00e4rung (z.B. ein mit der Post versandter Brief oder E-Mail) \u00fcber Ihren Entschluss, diesen Vertrag zu widerrufen, informieren. Sie k\u00f6nnen daf\u00fcr das untenstehende Muster-Widerrufsformular verwenden, das jedoch nicht vorgeschrieben ist. Zur Wahrung der Widerrufsfrist reicht es aus, dass Sie die Mitteilung \u00fcber die Aus\u00fcbung des Widerrufsrechts vor Ablauf der Widerrufsfrist nachweislich absenden.<\/p>\n\n\n\n<p><br><strong>Ausschluss bzw. vorzeitiges Erl\u00f6schen des Widerrufsrechts<\/strong><br>Das Widerrufsrecht besteht nicht bei Vertr\u00e4gen<br>\u2013 zur Lieferung von Waren, die nicht vorgefertigt sind und f\u00fcr deren Herstellung eine individuelle Auswahl oder Bestimmung durch den Verbraucher ma\u00dfgeblich ist oder die eindeutig auf die pers\u00f6nlichen Bed\u00fcrfnisse des Verbrauchers zugeschnitten sind.<\/p>\n\n\n\n<p><br><strong>Folgen des Widerrufs<\/strong><br>Wenn Sie diesen Vertrag widerrufen, haben wir Ihnen alle Zahlungen, die wir von Ihnen erhalten haben, einschlie\u00dflich der Lieferkosten (mit Ausnahme der zus\u00e4tzlichen Kosten, die sich daraus ergeben, dass Sie eine andere Art der Lieferung als die von uns angebotene, g\u00fcnstigste Standardlieferung gew\u00e4hlt haben), unverz\u00fcglich und sp\u00e4testens binnen vierzehn Tagen ab dem Tag zur\u00fcckzuzahlen, an dem die Mitteilung \u00fcber Ihren Widerruf dieses Vertrags bei uns eingegangen ist. F\u00fcr diese R\u00fcckzahlung verwenden wir dasselbe Zahlungsmittel, das Sie bei der urspr\u00fcnglichen Transaktion eingesetzt haben, es sei denn, mit Ihnen wurde ausdr\u00fccklich etwas anderes vereinbart; in keinem Fall werden Ihnen wegen dieser R\u00fcckzahlung Entgelte berechnet. Wir k\u00f6nnen die R\u00fcckzahlung verweigern, bis wir die Waren wieder zur\u00fcckerhalten haben oder bis Sie den Nachweis erbracht haben, dass Sie die Waren zur\u00fcckgesandt haben, je nachdem, welches der fr\u00fchere Zeitpunkt ist. Sie haben die Waren unverz\u00fcglich und in jedem Fall sp\u00e4testens binnen vierzehn Tagen ab dem Tag, an dem Sie uns \u00fcber den Widerruf dieses Vertrags unterrichten, an uns zur\u00fcckzusenden oder zu \u00fcbergeben. Die Frist ist gewahrt, wenn Sie die Waren vor Ablauf der Frist von vierzehn Tagen absenden.<br>Sie tragen die unmittelbaren Kosten der R\u00fccksendung der Waren.<br>Sie m\u00fcssen f\u00fcr einen etwaigen Wertverlust der Waren aufkommen, wenn dieser Wertverlust auf einen zur Pr\u00fcfung der Beschaffenheit, Eigenschaften und Funktionsweise der Waren nicht notwendigen Umgang mit ihnen zur\u00fcckzuf\u00fchren ist.<\/p>\n\n\n\n<p><br><strong>R\u00fccksendungen<\/strong><br>Die in diesem Abschnitt \u201eR\u00fccksendungen\u201c genannten Modalit\u00e4ten sind nicht Voraussetzung f\u00fcr die wirksame Aus\u00fcbung des Widerrufsrechts gem. dem Abschnitt \u201eBelehrung \u00fcber das Widerrufsrecht f\u00fcr Verbraucher\u201c.<br>Kunden werden vor R\u00fccksendung gebeten die R\u00fccksendung beim Verk\u00e4ufer mit dem oben aufgef\u00fchrten Muster Widerrufsformular unter folgender <strong>Email Adresse schriftlich zu melden<\/strong> <a href=\"mailto:info@strofeld.com\">info@strofeld.com<\/a> , um die R\u00fccksendung anzuk\u00fcndigen. Auf diese Weise erm\u00f6glichen sie dem Verk\u00e4ufer eine <strong>schnellstm\u00f6gliche Zuordnung der Produkte<\/strong>.<br>Kunden werden gebeten Besch\u00e4digungen oder Verunreinigungen der Ware zu vermeiden, da ansonsten Schadensersatzanspr\u00fcche geltend gemacht werden k\u00f6nnen. Die Ware sollte nach M\u00f6glichkeit <strong>in Originalverpackung mit s\u00e4mtlichem Zubeh\u00f6r<\/strong> an den Verk\u00e4ufer zur\u00fcckgesendet werden. Ist die Originalverpackung nicht mehr im Besitz des K\u00e4ufers, sollte eine andere <strong>geeignete Verpackung<\/strong> verwendet werden, um f\u00fcr einen <strong>ausreichenden Schutz vor Transportsch\u00e4den zu sorgen<\/strong> und etwaige Schadensersatzanspr\u00fcche wegen Besch\u00e4digungen infolge mangelhafter Verpackung zu vermeiden.<br>Kunden werden gebeten die verpackte Ware <strong>ausreichend zu frankieren<\/strong> und den <strong>Einsendebeleg aufzubewahren<\/strong>. Unfreie Pakete werden von uns nicht angenommen.<\/p>\n\n\n\n<h2 class=\"wp-block-heading\">Widerrufsformular<\/h2>\n\n\n\n<p>Unser Widerrufsformular im PDF-Format: <a href=\"https:\/\/www.strofeld.com\/wp-content\/uploads\/2021\/04\/Widerrufsrecht.pdf\"><u>DOWNLOAD<\/u><\/a><\/p>\n\n\n\n<p><em>Um die zum Download angebotenen PDF-Dateien zu \u00f6ffnen, ben\u00f6tigen Sie ein Zusatzprogramm, wie zum Beispiel den Adobe Acrobat Reader, welchen Sie im Internet kostenfrei herunterladen k\u00f6nnen. Die aktuelle Version des Adobe Acrobat Readers finden Sie&nbsp;<a href=\"http:\/\/get.adobe.com\/de\/reader\/\" target=\"_blank\" rel=\"noreferrer noopener\"><u>hier<\/u><\/a>.<\/em><\/p>","protected":false},"excerpt":{"rendered":"<p>Widerrufsrecht (Als PDF downloaden) Belehrung \u00fcber das Widerrufsrecht f\u00fcr Verbraucher WiderrufsbelehrungVerbraucher ist jede nat\u00fcrliche Person, die ein Rechtsgesch\u00e4ft zu Zwecken\u2026<\/p>","protected":false},"author":1,"featured_media":0,"parent":0,"menu_order":0,"comment_status":"closed","ping_status":"closed","template":"","meta":{"footnotes":""},"class_list":["post-3927","page","type-page","status-publish","hentry"],"_links":{"self":[{"href":"https:\/\/www.strofeld.com\/en\/wp-json\/wp\/v2\/pages\/3927","targetHints":{"allow":["GET"]}}],"collection":[{"href":"https:\/\/www.strofeld.com\/en\/wp-json\/wp\/v2\/pages"}],"about":[{"href":"https:\/\/www.strofeld.com\/en\/wp-json\/wp\/v2\/types\/page"}],"author":[{"embeddable":true,"href":"https:\/\/www.strofeld.com\/en\/wp-json\/wp\/v2\/users\/1"}],"replies":[{"embeddable":true,"href":"https:\/\/www.strofeld.com\/en\/wp-json\/wp\/v2\/comments?post=3927"}],"version-history":[{"count":2,"href":"https:\/\/www.strofeld.com\/en\/wp-json\/wp\/v2\/pages\/3927\/revisions"}],"predecessor-version":[{"id":3950,"href":"https:\/\/www.strofeld.com\/en\/wp-json\/wp\/v2\/pages\/3927\/revisions\/3950"}],"wp:attachment":[{"href":"https:\/\/www.strofeld.com\/en\/wp-json\/wp\/v2\/media?parent=3927"}],"curies":[{"name":"wp","href":"https:\/\/api.w.org\/{rel}","templated":true}]}}